{"id":70336,"date":"2022-12-19T11:32:10","date_gmt":"2022-12-19T11:32:10","guid":{"rendered":"https:\/\/drop-shot.com\/store\/produto\/t-shirt-dunlop-game-tee-senhora-preto\/"},"modified":"2026-04-17T13:21:40","modified_gmt":"2026-04-17T13:21:40","slug":"t-shirt-dunlop-game-tee-senhora-preto","status":"publish","type":"product","link":"https:\/\/drop-shot.com\/store\/produto\/t-shirt-dunlop-game-tee-senhora-preto\/","title":{"rendered":"T-Shirt Dunlop Game Tee Senhora (Preto)"},"content":{"rendered":"<p>Esta T-Shirt de jogo faz parte da colec\u00e7\u00e3o Performance da Dunlop.<\/p>\n<p>Esta moderna colec\u00e7\u00e3o desportiva foi concebida para jogadores que procuram conforto e qualidade acima da m\u00e9dia.<\/p>\n<p>Apresenta um decote moderno e mangas curtas.<\/p>\n<p>O formato das mangas garante uma liberdade natural de movimentos.<\/p>\n<p>O material \u00e9 macio contra a pele e \u00e9 f\u00e1cil de combinar com os Cal\u00e7\u00f5es e Saias do resto da colec\u00e7\u00e3o.<\/p>\n<p>Tecido: 90% Poli\u00e9ster com 10% Elastano<br \/>\nTamanhos: XS a XXL<\/p>\n","protected":false},"excerpt":{"rendered":"<p>A T-Shirt \u00e9 confort\u00e1vel e elegante e pertence \u00e0 colec\u00e7\u00e3o Performance.<\/p>\n<p>Esta colec\u00e7\u00e3o cont\u00e9m roupas modernas projectadas para jogadores de todos os n\u00edveis.<\/p>\n","protected":false},"featured_media":72958,"template":"","meta":[],"pwb-brand":[103],"product_brand":[],"product_cat":[1814,1817],"product_tag":[],"class_list":{"0":"post-70336","1":"product","2":"type-product","3":"status-publish","4":"has-post-thumbnail","6":"pwb-brand-dunlop","7":"product_cat-promocoes","8":"product_cat-textil-promocoes","10":"first","11":"instock","12":"sale","13":"taxable","14":"shipping-taxable","15":"purchasable","16":"product-type-variable","17":"wvs-archive-product-wrapper"},"brands":[{"id":103,"name":"Dunlop","slug":"dunlop"}],"_links":{"self":[{"href":"https:\/\/drop-shot.com\/store\/wp-json\/wp\/v2\/product\/70336","targetHints":{"allow":["GET"]}}],"collection":[{"href":"https:\/\/drop-shot.com\/store\/wp-json\/wp\/v2\/product"}],"about":[{"href":"https:\/\/drop-shot.com\/store\/wp-json\/wp\/v2\/types\/product"}],"version-history":[{"count":8,"href":"https:\/\/drop-shot.com\/store\/wp-json\/wp\/v2\/product\/70336\/revisions"}],"predecessor-version":[{"id":84497,"href":"https:\/\/drop-shot.com\/store\/wp-json\/wp\/v2\/product\/70336\/revisions\/84497"}],"wp:featuredmedia":[{"embeddable":true,"href":"https:\/\/drop-shot.com\/store\/wp-json\/wp\/v2\/media\/72958"}],"wp:attachment":[{"href":"https:\/\/drop-shot.com\/store\/wp-json\/wp\/v2\/media?parent=70336"}],"wp:term":[{"taxonomy":"pwb-brand","embeddable":true,"href":"https:\/\/drop-shot.com\/store\/wp-json\/wp\/v2\/pwb-brand?post=70336"},{"taxonomy":"product_brand","embeddable":true,"href":"https:\/\/drop-shot.com\/store\/wp-json\/wp\/v2\/product_brand?post=70336"},{"taxonomy":"product_cat","embeddable":true,"href":"https:\/\/drop-shot.com\/store\/wp-json\/wp\/v2\/product_cat?post=70336"},{"taxonomy":"product_tag","embeddable":true,"href":"https:\/\/drop-shot.com\/store\/wp-json\/wp\/v2\/product_tag?post=70336"}],"curies":[{"name":"wp","href":"https:\/\/api.w.org\/{rel}","templated":true}]}}