{"id":70335,"date":"2022-12-19T11:31:57","date_gmt":"2022-12-19T11:31:57","guid":{"rendered":"https:\/\/drop-shot.com\/store\/produto\/t-shirt-dunlop-essential-tee-unisex-vermelho\/"},"modified":"2026-04-09T09:19:08","modified_gmt":"2026-04-09T09:19:08","slug":"t-shirt-dunlop-essential-tee-unisex-vermelho","status":"publish","type":"product","link":"https:\/\/drop-shot.com\/store\/produto\/t-shirt-dunlop-essential-tee-unisex-vermelho\/","title":{"rendered":"T-Shirt Dunlop Essential Tee Unisex (Vermelho)"},"content":{"rendered":"<p>Esta T-Shirt tem mangas curtas e um formato de pesco\u00e7o redondo bem acabado.<\/p>\n<p>O material utilizado \u00e9 macio e confort\u00e1vel.<\/p>\n<p>Esta T-Shirt \u00e9 muito confort\u00e1vel para desportos, mas tamb\u00e9m pode ser usada de forma casual.<\/p>\n<p>100% Algod\u00e3o<br \/>\nTamanhos: S a XXXL<\/p>\n","protected":false},"excerpt":{"rendered":"<p>T-Shirt macia e confort\u00e1vel.<\/p>\n<p>Perfeita para desporto e lazer.<\/p>\n","protected":false},"featured_media":72882,"template":"","meta":[],"pwb-brand":[103],"product_brand":[],"product_cat":[1814,1817],"product_tag":[],"class_list":{"0":"post-70335","1":"product","2":"type-product","3":"status-publish","4":"has-post-thumbnail","6":"pwb-brand-dunlop","7":"product_cat-promocoes","8":"product_cat-textil-promocoes","10":"first","11":"instock","12":"sale","13":"taxable","14":"shipping-taxable","15":"purchasable","16":"product-type-variable","17":"wvs-archive-product-wrapper"},"brands":[{"id":103,"name":"Dunlop","slug":"dunlop"}],"_links":{"self":[{"href":"https:\/\/drop-shot.com\/store\/wp-json\/wp\/v2\/product\/70335","targetHints":{"allow":["GET"]}}],"collection":[{"href":"https:\/\/drop-shot.com\/store\/wp-json\/wp\/v2\/product"}],"about":[{"href":"https:\/\/drop-shot.com\/store\/wp-json\/wp\/v2\/types\/product"}],"version-history":[{"count":10,"href":"https:\/\/drop-shot.com\/store\/wp-json\/wp\/v2\/product\/70335\/revisions"}],"predecessor-version":[{"id":84496,"href":"https:\/\/drop-shot.com\/store\/wp-json\/wp\/v2\/product\/70335\/revisions\/84496"}],"wp:featuredmedia":[{"embeddable":true,"href":"https:\/\/drop-shot.com\/store\/wp-json\/wp\/v2\/media\/72882"}],"wp:attachment":[{"href":"https:\/\/drop-shot.com\/store\/wp-json\/wp\/v2\/media?parent=70335"}],"wp:term":[{"taxonomy":"pwb-brand","embeddable":true,"href":"https:\/\/drop-shot.com\/store\/wp-json\/wp\/v2\/pwb-brand?post=70335"},{"taxonomy":"product_brand","embeddable":true,"href":"https:\/\/drop-shot.com\/store\/wp-json\/wp\/v2\/product_brand?post=70335"},{"taxonomy":"product_cat","embeddable":true,"href":"https:\/\/drop-shot.com\/store\/wp-json\/wp\/v2\/product_cat?post=70335"},{"taxonomy":"product_tag","embeddable":true,"href":"https:\/\/drop-shot.com\/store\/wp-json\/wp\/v2\/product_tag?post=70335"}],"curies":[{"name":"wp","href":"https:\/\/api.w.org\/{rel}","templated":true}]}}