{"id":70318,"date":"2022-12-19T11:28:13","date_gmt":"2022-12-19T11:28:13","guid":{"rendered":"https:\/\/drop-shot.com\/store\/produto\/t-shirt-manga-comprida-dunlop-practice-homem-branco\/"},"modified":"2026-04-17T13:20:30","modified_gmt":"2026-04-17T13:20:30","slug":"t-shirt-manga-comprida-dunlop-practice-homem-branco","status":"publish","type":"product","link":"https:\/\/drop-shot.com\/store\/produto\/t-shirt-manga-comprida-dunlop-practice-homem-branco\/","title":{"rendered":"T-Shirt Manga Comprida Dunlop Practice Homem (Branco)"},"content":{"rendered":"<p>A T-Shirt Practice Long Sleeve Tee \u00e9 f\u00e1cil de combinar gra\u00e7as \u00e0 sua cor e formato, e permite-lhe praticar num estilo desportivo e confort\u00e1vel.<\/p>\n<p>Tem um ajuste regular e apresenta um formato de pesco\u00e7o redondo.<\/p>\n<p>O material utilizado oferece grande conforto de uso e movimento.<\/p>\n","protected":false},"excerpt":{"rendered":"<p>Pratique com estilo e confort\u00e1vel.<\/p>\n","protected":false},"featured_media":72930,"template":"","meta":[],"pwb-brand":[103],"product_brand":[],"product_cat":[1814,1817],"product_tag":[],"class_list":{"0":"post-70318","1":"product","2":"type-product","3":"status-publish","4":"has-post-thumbnail","6":"pwb-brand-dunlop","7":"product_cat-promocoes","8":"product_cat-textil-promocoes","10":"first","11":"instock","12":"sale","13":"taxable","14":"shipping-taxable","15":"purchasable","16":"product-type-variable","17":"wvs-archive-product-wrapper"},"brands":[{"id":103,"name":"Dunlop","slug":"dunlop"}],"_links":{"self":[{"href":"https:\/\/drop-shot.com\/store\/wp-json\/wp\/v2\/product\/70318","targetHints":{"allow":["GET"]}}],"collection":[{"href":"https:\/\/drop-shot.com\/store\/wp-json\/wp\/v2\/product"}],"about":[{"href":"https:\/\/drop-shot.com\/store\/wp-json\/wp\/v2\/types\/product"}],"version-history":[{"count":8,"href":"https:\/\/drop-shot.com\/store\/wp-json\/wp\/v2\/product\/70318\/revisions"}],"predecessor-version":[{"id":84487,"href":"https:\/\/drop-shot.com\/store\/wp-json\/wp\/v2\/product\/70318\/revisions\/84487"}],"wp:featuredmedia":[{"embeddable":true,"href":"https:\/\/drop-shot.com\/store\/wp-json\/wp\/v2\/media\/72930"}],"wp:attachment":[{"href":"https:\/\/drop-shot.com\/store\/wp-json\/wp\/v2\/media?parent=70318"}],"wp:term":[{"taxonomy":"pwb-brand","embeddable":true,"href":"https:\/\/drop-shot.com\/store\/wp-json\/wp\/v2\/pwb-brand?post=70318"},{"taxonomy":"product_brand","embeddable":true,"href":"https:\/\/drop-shot.com\/store\/wp-json\/wp\/v2\/product_brand?post=70318"},{"taxonomy":"product_cat","embeddable":true,"href":"https:\/\/drop-shot.com\/store\/wp-json\/wp\/v2\/product_cat?post=70318"},{"taxonomy":"product_tag","embeddable":true,"href":"https:\/\/drop-shot.com\/store\/wp-json\/wp\/v2\/product_tag?post=70318"}],"curies":[{"name":"wp","href":"https:\/\/api.w.org\/{rel}","templated":true}]}}