{"id":70266,"date":"2022-12-19T11:17:40","date_gmt":"2022-12-19T11:17:40","guid":{"rendered":"https:\/\/drop-shot.com\/store\/produto\/slinger-bag-grand-slam-pack\/"},"modified":"2026-05-08T10:18:46","modified_gmt":"2026-05-08T10:18:46","slug":"slinger-bag-grand-slam-pack","status":"publish","type":"product","link":"https:\/\/drop-shot.com\/store\/produto\/slinger-bag-grand-slam-pack\/","title":{"rendered":"Slinger Bag T\u00e9nis Grand Slam Pack"},"content":{"rendered":"<p>O leve Slinger Bag para T\u00c9NIS \u00e9 super port\u00e1til, acess\u00edvel, vers\u00e1til e incr\u00edvel.<\/p>\n<p>O Slinger Bag Slingshot T-One Launcher \u00e9 uma excelente pe\u00e7a de equipamento para treino e adapt\u00e1vel a qualquer jogador de T\u00e9nis.<\/p>\n<p>Feito com a portabilidade em mente, o Slinger Bag Padel \u00e9 extremamente vers\u00e1til e pode ser colocado em qualquer lugar do campo para praticar qualquer tipo de pancada em diferentes velocidades, frequ\u00eancias e n\u00edveis de eleva\u00e7\u00e3o.<\/p>\n<p>O GRAND SLAM PACK INCLUI:<br \/>\n&#8211; Lan\u00e7ador de bolas Slinger<br \/>\n&#8211; Oscilador<br \/>\n&#8211; Controlo remoto<br \/>\n&#8211; Apanhador de Bolas<br \/>\n&#8211; Carregador<br \/>\n&#8211; Suporte para c\u00e2mara fotogr\u00e1fica, c\u00e2mara de v\u00eddeo ou telem\u00f3vel<\/p>\n<p>BOLAS N\u00c3O INCLU\u00cdDAS.<\/p>\n","protected":false},"excerpt":{"rendered":"<p>Pratique a s\u00f3s ou acompanhado e em qualquer lado.<br \/>\nUm lan\u00e7ador de bolas de T\u00c9NIS feito por jogadores, para jogadores.<\/p>\n","protected":false},"featured_media":70964,"template":"","meta":[],"pwb-brand":[105],"product_brand":[],"product_cat":[1330,1335],"product_tag":[],"class_list":{"0":"post-70266","1":"product","2":"type-product","3":"status-publish","4":"has-post-thumbnail","6":"pwb-brand-slingerbag","7":"product_cat-acessorios","8":"product_cat-treino","10":"first","11":"instock","12":"taxable","13":"shipping-taxable","14":"purchasable","15":"product-type-simple"},"brands":[{"id":105,"name":"Slinger Bag","slug":"slingerbag"}],"_links":{"self":[{"href":"https:\/\/drop-shot.com\/store\/wp-json\/wp\/v2\/product\/70266","targetHints":{"allow":["GET"]}}],"collection":[{"href":"https:\/\/drop-shot.com\/store\/wp-json\/wp\/v2\/product"}],"about":[{"href":"https:\/\/drop-shot.com\/store\/wp-json\/wp\/v2\/types\/product"}],"version-history":[{"count":18,"href":"https:\/\/drop-shot.com\/store\/wp-json\/wp\/v2\/product\/70266\/revisions"}],"predecessor-version":[{"id":84167,"href":"https:\/\/drop-shot.com\/store\/wp-json\/wp\/v2\/product\/70266\/revisions\/84167"}],"wp:featuredmedia":[{"embeddable":true,"href":"https:\/\/drop-shot.com\/store\/wp-json\/wp\/v2\/media\/70964"}],"wp:attachment":[{"href":"https:\/\/drop-shot.com\/store\/wp-json\/wp\/v2\/media?parent=70266"}],"wp:term":[{"taxonomy":"pwb-brand","embeddable":true,"href":"https:\/\/drop-shot.com\/store\/wp-json\/wp\/v2\/pwb-brand?post=70266"},{"taxonomy":"product_brand","embeddable":true,"href":"https:\/\/drop-shot.com\/store\/wp-json\/wp\/v2\/product_brand?post=70266"},{"taxonomy":"product_cat","embeddable":true,"href":"https:\/\/drop-shot.com\/store\/wp-json\/wp\/v2\/product_cat?post=70266"},{"taxonomy":"product_tag","embeddable":true,"href":"https:\/\/drop-shot.com\/store\/wp-json\/wp\/v2\/product_tag?post=70266"}],"curies":[{"name":"wp","href":"https:\/\/api.w.org\/{rel}","templated":true}]}}