{"id":70253,"date":"2022-12-19T11:16:12","date_gmt":"2022-12-19T11:16:12","guid":{"rendered":"https:\/\/drop-shot.com\/store\/produto\/bola-squash-dunlop-pro-tubo-3un\/"},"modified":"2026-04-17T13:16:34","modified_gmt":"2026-04-17T13:16:34","slug":"bola-squash-dunlop-pro-tubo-3un","status":"publish","type":"product","link":"https:\/\/drop-shot.com\/store\/produto\/bola-squash-dunlop-pro-tubo-3un\/","title":{"rendered":"Bola Squash Dunlop Pro (Tubo 3un)"},"content":{"rendered":"<p>Entre em campo com a melhor bola de Squash.<\/p>\n<p>Indicada para jogadores profissionais, de torneios e clubes.<\/p>\n<p>A bola oficial do PSA (Professional Squash Association) e WSF (World Squash Federation) \u00e9 a BOLA MAIS UTILIZADA em competi\u00e7\u00f5es Profissionais Internacionais de Squash.<\/p>\n<p>Esta \u00e9 a melhor bola de Squash de desempenho para jogadores profissionais, de torneios e clubes.<\/p>\n","protected":false},"excerpt":{"rendered":"<p>Jogue como um profissional.<\/p>\n","protected":false},"featured_media":71286,"template":"","meta":[],"pwb-brand":[103],"product_brand":[],"product_cat":[1365,1363],"product_tag":[],"class_list":{"0":"post-70253","1":"product","2":"type-product","3":"status-publish","4":"has-post-thumbnail","6":"pwb-brand-dunlop","7":"product_cat-bolas-squash-2","8":"product_cat-squash-2","10":"first","11":"instock","12":"taxable","13":"shipping-taxable","14":"purchasable","15":"product-type-simple"},"brands":[{"id":103,"name":"Dunlop","slug":"dunlop"}],"_links":{"self":[{"href":"https:\/\/drop-shot.com\/store\/wp-json\/wp\/v2\/product\/70253","targetHints":{"allow":["GET"]}}],"collection":[{"href":"https:\/\/drop-shot.com\/store\/wp-json\/wp\/v2\/product"}],"about":[{"href":"https:\/\/drop-shot.com\/store\/wp-json\/wp\/v2\/types\/product"}],"version-history":[{"count":5,"href":"https:\/\/drop-shot.com\/store\/wp-json\/wp\/v2\/product\/70253\/revisions"}],"predecessor-version":[{"id":84048,"href":"https:\/\/drop-shot.com\/store\/wp-json\/wp\/v2\/product\/70253\/revisions\/84048"}],"wp:featuredmedia":[{"embeddable":true,"href":"https:\/\/drop-shot.com\/store\/wp-json\/wp\/v2\/media\/71286"}],"wp:attachment":[{"href":"https:\/\/drop-shot.com\/store\/wp-json\/wp\/v2\/media?parent=70253"}],"wp:term":[{"taxonomy":"pwb-brand","embeddable":true,"href":"https:\/\/drop-shot.com\/store\/wp-json\/wp\/v2\/pwb-brand?post=70253"},{"taxonomy":"product_brand","embeddable":true,"href":"https:\/\/drop-shot.com\/store\/wp-json\/wp\/v2\/product_brand?post=70253"},{"taxonomy":"product_cat","embeddable":true,"href":"https:\/\/drop-shot.com\/store\/wp-json\/wp\/v2\/product_cat?post=70253"},{"taxonomy":"product_tag","embeddable":true,"href":"https:\/\/drop-shot.com\/store\/wp-json\/wp\/v2\/product_tag?post=70253"}],"curies":[{"name":"wp","href":"https:\/\/api.w.org\/{rel}","templated":true}]}}