{"id":70247,"date":"2022-12-19T11:15:30","date_gmt":"2022-12-19T11:15:30","guid":{"rendered":"https:\/\/drop-shot.com\/store\/produto\/corda-tenis-dunlop-explosive-17g-rolo-200m-cinzento1-25mm\/"},"modified":"2026-05-07T22:01:45","modified_gmt":"2026-05-07T22:01:45","slug":"corda-tenis-dunlop-explosive-17g-rolo-200m-cinzento1-25mm","status":"publish","type":"product","link":"https:\/\/drop-shot.com\/store\/produto\/corda-tenis-dunlop-explosive-17g-rolo-200m-cinzento1-25mm\/","title":{"rendered":"Corda T\u00e9nis Dunlop Explosive 17G Rolo 200m (Cinzento,1.25mm)"},"content":{"rendered":"<p>Corda de poli\u00e9ster Premium que proporciona conforto e controlo.<\/p>\n<p>Poli\u00e9ster Premium monofilamento cuidadosamente ajustado no processo de produ\u00e7\u00e3o para maior conforto.<\/p>\n<p>Perfil exterior arredondado padr\u00e3o.<\/p>\n","protected":false},"excerpt":{"rendered":"<p>Consiga pancadas mais suaves.<br \/>\nAcerte pancadas com conforto e controlo.<\/p>\n","protected":false},"featured_media":71397,"template":"","meta":[],"pwb-brand":[103],"product_brand":[],"product_cat":[1371,1368],"product_tag":[],"class_list":{"0":"post-70247","1":"product","2":"type-product","3":"status-publish","4":"has-post-thumbnail","6":"pwb-brand-dunlop","7":"product_cat-cordas-tenis","8":"product_cat-tenis","10":"first","11":"instock","12":"taxable","13":"shipping-taxable","14":"purchasable","15":"product-type-simple"},"brands":[{"id":103,"name":"Dunlop","slug":"dunlop"}],"_links":{"self":[{"href":"https:\/\/drop-shot.com\/store\/wp-json\/wp\/v2\/product\/70247","targetHints":{"allow":["GET"]}}],"collection":[{"href":"https:\/\/drop-shot.com\/store\/wp-json\/wp\/v2\/product"}],"about":[{"href":"https:\/\/drop-shot.com\/store\/wp-json\/wp\/v2\/types\/product"}],"version-history":[{"count":11,"href":"https:\/\/drop-shot.com\/store\/wp-json\/wp\/v2\/product\/70247\/revisions"}],"predecessor-version":[{"id":84017,"href":"https:\/\/drop-shot.com\/store\/wp-json\/wp\/v2\/product\/70247\/revisions\/84017"}],"wp:featuredmedia":[{"embeddable":true,"href":"https:\/\/drop-shot.com\/store\/wp-json\/wp\/v2\/media\/71397"}],"wp:attachment":[{"href":"https:\/\/drop-shot.com\/store\/wp-json\/wp\/v2\/media?parent=70247"}],"wp:term":[{"taxonomy":"pwb-brand","embeddable":true,"href":"https:\/\/drop-shot.com\/store\/wp-json\/wp\/v2\/pwb-brand?post=70247"},{"taxonomy":"product_brand","embeddable":true,"href":"https:\/\/drop-shot.com\/store\/wp-json\/wp\/v2\/product_brand?post=70247"},{"taxonomy":"product_cat","embeddable":true,"href":"https:\/\/drop-shot.com\/store\/wp-json\/wp\/v2\/product_cat?post=70247"},{"taxonomy":"product_tag","embeddable":true,"href":"https:\/\/drop-shot.com\/store\/wp-json\/wp\/v2\/product_tag?post=70247"}],"curies":[{"name":"wp","href":"https:\/\/api.w.org\/{rel}","templated":true}]}}