{"id":70245,"date":"2022-12-19T11:15:15","date_gmt":"2022-12-19T11:15:15","guid":{"rendered":"https:\/\/drop-shot.com\/store\/produto\/corda-tenis-dunlop-black-widow-17g-rolo-200m-preto1-26mm\/"},"modified":"2026-04-17T13:16:09","modified_gmt":"2026-04-17T13:16:09","slug":"corda-tenis-dunlop-black-widow-17g-rolo-200m-preto1-26mm","status":"publish","type":"product","link":"https:\/\/drop-shot.com\/store\/produto\/corda-tenis-dunlop-black-widow-17g-rolo-200m-preto1-26mm\/","title":{"rendered":"Corda T\u00e9nis Dunlop Black Widow 17G Rolo 200m (Preto,1.26mm)"},"content":{"rendered":"<p>A derradeira corda para conseguir rota\u00e7\u00e3o extra na bola.<\/p>\n<p>Consiga pancadas com rota\u00e7\u00e3o m\u00e1xima, gra\u00e7as \u00e0 corda de co-poli\u00e9ster Premium com sete arestas.<\/p>\n<p>Apesar de conseguir altos n\u00edveis de rota\u00e7\u00e3o e pot\u00eancia, a corda tem uma sensa\u00e7\u00e3o suave e confort\u00e1vel.<\/p>\n<p>Dispon\u00edvel em conjuntos ou rolos de 200m, em 16G (1,31mm) e 17G (1,25mm).<\/p>\n","protected":false},"excerpt":{"rendered":"<p>Consiga pancadas com a m\u00e1xima rota\u00e7\u00e3o de bola.<\/p>\n","protected":false},"featured_media":71393,"template":"","meta":[],"pwb-brand":[103],"product_brand":[],"product_cat":[1371,1368],"product_tag":[],"class_list":{"0":"post-70245","1":"product","2":"type-product","3":"status-publish","4":"has-post-thumbnail","6":"pwb-brand-dunlop","7":"product_cat-cordas-tenis","8":"product_cat-tenis","10":"first","11":"instock","12":"taxable","13":"shipping-taxable","14":"purchasable","15":"product-type-simple"},"brands":[{"id":103,"name":"Dunlop","slug":"dunlop"}],"_links":{"self":[{"href":"https:\/\/drop-shot.com\/store\/wp-json\/wp\/v2\/product\/70245","targetHints":{"allow":["GET"]}}],"collection":[{"href":"https:\/\/drop-shot.com\/store\/wp-json\/wp\/v2\/product"}],"about":[{"href":"https:\/\/drop-shot.com\/store\/wp-json\/wp\/v2\/types\/product"}],"version-history":[{"count":11,"href":"https:\/\/drop-shot.com\/store\/wp-json\/wp\/v2\/product\/70245\/revisions"}],"predecessor-version":[{"id":84015,"href":"https:\/\/drop-shot.com\/store\/wp-json\/wp\/v2\/product\/70245\/revisions\/84015"}],"wp:featuredmedia":[{"embeddable":true,"href":"https:\/\/drop-shot.com\/store\/wp-json\/wp\/v2\/media\/71393"}],"wp:attachment":[{"href":"https:\/\/drop-shot.com\/store\/wp-json\/wp\/v2\/media?parent=70245"}],"wp:term":[{"taxonomy":"pwb-brand","embeddable":true,"href":"https:\/\/drop-shot.com\/store\/wp-json\/wp\/v2\/pwb-brand?post=70245"},{"taxonomy":"product_brand","embeddable":true,"href":"https:\/\/drop-shot.com\/store\/wp-json\/wp\/v2\/product_brand?post=70245"},{"taxonomy":"product_cat","embeddable":true,"href":"https:\/\/drop-shot.com\/store\/wp-json\/wp\/v2\/product_cat?post=70245"},{"taxonomy":"product_tag","embeddable":true,"href":"https:\/\/drop-shot.com\/store\/wp-json\/wp\/v2\/product_tag?post=70245"}],"curies":[{"name":"wp","href":"https:\/\/api.w.org\/{rel}","templated":true}]}}