{"id":70242,"date":"2022-12-19T11:14:54","date_gmt":"2022-12-19T11:14:54","guid":{"rendered":"https:\/\/drop-shot.com\/store\/produto\/corda-tenis-dunlop-s-gut-16g-rolo-200m1-32mmbranco\/"},"modified":"2026-04-17T13:16:06","modified_gmt":"2026-04-17T13:16:06","slug":"corda-tenis-dunlop-s-gut-16g-rolo-200m1-32mmbranco","status":"publish","type":"product","link":"https:\/\/drop-shot.com\/store\/produto\/corda-tenis-dunlop-s-gut-16g-rolo-200m1-32mmbranco\/","title":{"rendered":"Corda T\u00e9nis Dunlop S-Gut 16G Rolo 200m (Branco,1.32mm)"},"content":{"rendered":"<p>Corda monofilamentar de excelente valor que oferece jogabilidade e durabilidade em todos os sentidos.<\/p>\n<p>Boa mistura de pot\u00eancia e durabilidade.<\/p>\n","protected":false},"excerpt":{"rendered":"<p>Melhore por complecto o seu jogo.<br \/>\nCombina\u00e7\u00e3o de pot\u00eancia e durabilidade.<\/p>\n","protected":false},"featured_media":71410,"template":"","meta":[],"pwb-brand":[103],"product_brand":[],"product_cat":[1371,1368],"product_tag":[],"class_list":{"0":"post-70242","1":"product","2":"type-product","3":"status-publish","4":"has-post-thumbnail","6":"pwb-brand-dunlop","7":"product_cat-cordas-tenis","8":"product_cat-tenis","10":"first","11":"instock","12":"taxable","13":"shipping-taxable","14":"purchasable","15":"product-type-simple"},"brands":[{"id":103,"name":"Dunlop","slug":"dunlop"}],"_links":{"self":[{"href":"https:\/\/drop-shot.com\/store\/wp-json\/wp\/v2\/product\/70242","targetHints":{"allow":["GET"]}}],"collection":[{"href":"https:\/\/drop-shot.com\/store\/wp-json\/wp\/v2\/product"}],"about":[{"href":"https:\/\/drop-shot.com\/store\/wp-json\/wp\/v2\/types\/product"}],"version-history":[{"count":9,"href":"https:\/\/drop-shot.com\/store\/wp-json\/wp\/v2\/product\/70242\/revisions"}],"predecessor-version":[{"id":84012,"href":"https:\/\/drop-shot.com\/store\/wp-json\/wp\/v2\/product\/70242\/revisions\/84012"}],"wp:featuredmedia":[{"embeddable":true,"href":"https:\/\/drop-shot.com\/store\/wp-json\/wp\/v2\/media\/71410"}],"wp:attachment":[{"href":"https:\/\/drop-shot.com\/store\/wp-json\/wp\/v2\/media?parent=70242"}],"wp:term":[{"taxonomy":"pwb-brand","embeddable":true,"href":"https:\/\/drop-shot.com\/store\/wp-json\/wp\/v2\/pwb-brand?post=70242"},{"taxonomy":"product_brand","embeddable":true,"href":"https:\/\/drop-shot.com\/store\/wp-json\/wp\/v2\/product_brand?post=70242"},{"taxonomy":"product_cat","embeddable":true,"href":"https:\/\/drop-shot.com\/store\/wp-json\/wp\/v2\/product_cat?post=70242"},{"taxonomy":"product_tag","embeddable":true,"href":"https:\/\/drop-shot.com\/store\/wp-json\/wp\/v2\/product_tag?post=70242"}],"curies":[{"name":"wp","href":"https:\/\/api.w.org\/{rel}","templated":true}]}}