{"id":70237,"date":"2022-12-19T11:14:23","date_gmt":"2022-12-19T11:14:23","guid":{"rendered":"https:\/\/drop-shot.com\/store\/produto\/maquina-de-encordoar-dunlop-2-0-diabolo-gripper\/"},"modified":"2026-04-29T15:12:38","modified_gmt":"2026-04-29T15:12:38","slug":"maquina-de-encordoar-dunlop-2-0-diabolo-gripper","status":"publish","type":"product","link":"https:\/\/drop-shot.com\/store\/produto\/maquina-de-encordoar-dunlop-2-0-diabolo-gripper\/","title":{"rendered":"M\u00e1quina de Encordoar Dunlop 2.0 Diabolo Gripper"},"content":{"rendered":"<p>A M\u00e1quina de Encordoar Dunlop 2.0 Diabolo Gripper \u00e9 um equipamento ess\u00eancial para entusiastas do t\u00e9nis ou outros desportos de raquete.<\/p>\n<p>Projectada para oferecer desempenho excepcional, esta m\u00e1quina de encordoamento possui uma estrutura resistente e um design moderno na cor preta, combinando eleg\u00e2ncia e funcionalidade.<\/p>\n<p>A M\u00e1quina de Encordoar Dunlop 2.0 Diabolo Gripper permite:<br \/>\n&#8211; Tens\u00e3o precisa e constante durante o encordoamento: garantindo um servi\u00e7o rigoroso e de qualidade<br \/>\n&#8211; Prolongar a vida \u00fatil das suas cordas, evitando assim desgastes precoces<br \/>\n&#8211; Facilidade de uso, tornando-se a escolha ideal tanto para jogadores profissionais como para amadores<\/p>\n<p>Dispon\u00edvel com sistema de tra\u00e7\u00e3o por \u201cgarra\u201d Linear ou Diabolo.<\/p>\n<p>As caracter\u00edsticas incluem:<br \/>\n&#8211; Materiais de alta qualidade<br \/>\n&#8211; Bra\u00e7adeiras antiderrapantes que n\u00e3o danificam a corda<br \/>\n&#8211; Bases de bra\u00e7adeira f\u00e1ceis de usar com bot\u00f5es f\u00e1ceis de pressionar<br \/>\n&#8211; Trav\u00e3o met\u00e1lico de precis\u00e3o com controlo autom\u00e1tico ou manual<br \/>\n&#8211; M\u00faltiplas velocidades de tra\u00e7\u00e3o \u2013 baixa, m\u00e9dia e alta, e uma fun\u00e7\u00e3o de pr\u00e9-estiramento com varia\u00e7\u00f5es de 0%, 5% ou 10%<\/p>\n<p>Compat\u00edvel com tampos de mesa e para raquetes de T\u00e9nis, Squash e Badminton.<\/p>\n<p>Invista em qualidade e inova\u00e7\u00e3o com esta m\u00e1quina de encordoar da Dunlop, transformando a sua experi\u00eancia de jogo e alcan\u00e7ando resultados dignos dos melhores encordoadores.<\/p>\n","protected":false},"excerpt":{"rendered":"<p>A M\u00e1quina de Encordoar Dunlop 2.0 Diabolo Gripper \u00e9 ideal para quem procura qualidade e precis\u00e3o em cada encordoamento. Altos n\u00edveis de precis\u00e3o e utiliza\u00e7\u00e3o permanecendo incrivelmente f\u00e1cil de usar.<\/p>\n","protected":false},"featured_media":70894,"template":"","meta":[],"pwb-brand":[103],"product_brand":[],"product_cat":[1330,1337],"product_tag":[],"class_list":{"0":"post-70237","1":"product","2":"type-product","3":"status-publish","4":"has-post-thumbnail","6":"pwb-brand-dunlop","7":"product_cat-acessorios","8":"product_cat-maquinas-de-encordoacao","10":"first","11":"outofstock","12":"sale","13":"taxable","14":"shipping-taxable","15":"purchasable","16":"product-type-simple"},"brands":[{"id":103,"name":"Dunlop","slug":"dunlop"}],"_links":{"self":[{"href":"https:\/\/drop-shot.com\/store\/wp-json\/wp\/v2\/product\/70237","targetHints":{"allow":["GET"]}}],"collection":[{"href":"https:\/\/drop-shot.com\/store\/wp-json\/wp\/v2\/product"}],"about":[{"href":"https:\/\/drop-shot.com\/store\/wp-json\/wp\/v2\/types\/product"}],"version-history":[{"count":11,"href":"https:\/\/drop-shot.com\/store\/wp-json\/wp\/v2\/product\/70237\/revisions"}],"predecessor-version":[{"id":84009,"href":"https:\/\/drop-shot.com\/store\/wp-json\/wp\/v2\/product\/70237\/revisions\/84009"}],"wp:featuredmedia":[{"embeddable":true,"href":"https:\/\/drop-shot.com\/store\/wp-json\/wp\/v2\/media\/70894"}],"wp:attachment":[{"href":"https:\/\/drop-shot.com\/store\/wp-json\/wp\/v2\/media?parent=70237"}],"wp:term":[{"taxonomy":"pwb-brand","embeddable":true,"href":"https:\/\/drop-shot.com\/store\/wp-json\/wp\/v2\/pwb-brand?post=70237"},{"taxonomy":"product_brand","embeddable":true,"href":"https:\/\/drop-shot.com\/store\/wp-json\/wp\/v2\/product_brand?post=70237"},{"taxonomy":"product_cat","embeddable":true,"href":"https:\/\/drop-shot.com\/store\/wp-json\/wp\/v2\/product_cat?post=70237"},{"taxonomy":"product_tag","embeddable":true,"href":"https:\/\/drop-shot.com\/store\/wp-json\/wp\/v2\/product_tag?post=70237"}],"curies":[{"name":"wp","href":"https:\/\/api.w.org\/{rel}","templated":true}]}}