{"id":70236,"date":"2022-12-19T11:14:17","date_gmt":"2022-12-19T11:14:17","guid":{"rendered":"https:\/\/drop-shot.com\/store\/produto\/corda-squash-dunlop-great-white-rolo-200m-branco\/"},"modified":"2026-04-17T13:16:04","modified_gmt":"2026-04-17T13:16:04","slug":"corda-squash-dunlop-great-white-rolo-200m-branco","status":"publish","type":"product","link":"https:\/\/drop-shot.com\/store\/produto\/corda-squash-dunlop-great-white-rolo-200m-branco\/","title":{"rendered":"Corda Squash Dunlop Great White 18G Rolo 200m (Branco,1.18mm)"},"content":{"rendered":"<p>A corda Dunlop Great White Squash foi concebida para jogadores que procuram o m\u00e1ximo de rota\u00e7\u00e3o e conforto.<\/p>\n<p>Apresenta um n\u00facleo multifilamento com uma \u201cbainha\u201d exterior tran\u00e7ada.<\/p>\n<p>&#8211; N\u00facleo multifilamento de alta tenacidade<br \/>\n&#8211; Poderosa camada exterior tran\u00e7ada de micro monofilamento<br \/>\n&#8211; Superf\u00edcie texturizada com nano-revestimento dur\u00e1vel<\/p>\n","protected":false},"excerpt":{"rendered":"<p>Rota\u00e7\u00e3o e conforto em todas as suas pancadas.<\/p>\n","protected":false},"featured_media":71291,"template":"","meta":[],"pwb-brand":[103],"product_brand":[],"product_cat":[1366,1363],"product_tag":[],"class_list":{"0":"post-70236","1":"product","2":"type-product","3":"status-publish","4":"has-post-thumbnail","6":"pwb-brand-dunlop","7":"product_cat-cordas-squash-2","8":"product_cat-squash-2","10":"first","11":"instock","12":"taxable","13":"shipping-taxable","14":"purchasable","15":"product-type-simple"},"brands":[{"id":103,"name":"Dunlop","slug":"dunlop"}],"_links":{"self":[{"href":"https:\/\/drop-shot.com\/store\/wp-json\/wp\/v2\/product\/70236","targetHints":{"allow":["GET"]}}],"collection":[{"href":"https:\/\/drop-shot.com\/store\/wp-json\/wp\/v2\/product"}],"about":[{"href":"https:\/\/drop-shot.com\/store\/wp-json\/wp\/v2\/types\/product"}],"version-history":[{"count":5,"href":"https:\/\/drop-shot.com\/store\/wp-json\/wp\/v2\/product\/70236\/revisions"}],"predecessor-version":[{"id":84008,"href":"https:\/\/drop-shot.com\/store\/wp-json\/wp\/v2\/product\/70236\/revisions\/84008"}],"wp:featuredmedia":[{"embeddable":true,"href":"https:\/\/drop-shot.com\/store\/wp-json\/wp\/v2\/media\/71291"}],"wp:attachment":[{"href":"https:\/\/drop-shot.com\/store\/wp-json\/wp\/v2\/media?parent=70236"}],"wp:term":[{"taxonomy":"pwb-brand","embeddable":true,"href":"https:\/\/drop-shot.com\/store\/wp-json\/wp\/v2\/pwb-brand?post=70236"},{"taxonomy":"product_brand","embeddable":true,"href":"https:\/\/drop-shot.com\/store\/wp-json\/wp\/v2\/product_brand?post=70236"},{"taxonomy":"product_cat","embeddable":true,"href":"https:\/\/drop-shot.com\/store\/wp-json\/wp\/v2\/product_cat?post=70236"},{"taxonomy":"product_tag","embeddable":true,"href":"https:\/\/drop-shot.com\/store\/wp-json\/wp\/v2\/product_tag?post=70236"}],"curies":[{"name":"wp","href":"https:\/\/api.w.org\/{rel}","templated":true}]}}