{"id":70235,"date":"2022-12-19T11:14:11","date_gmt":"2022-12-19T11:14:11","guid":{"rendered":"https:\/\/drop-shot.com\/store\/produto\/corda-squash-dunlop-precision-rolo-100m-azul1-18mm\/"},"modified":"2026-04-17T13:16:03","modified_gmt":"2026-04-17T13:16:03","slug":"corda-squash-dunlop-precision-rolo-100m-azul1-18mm","status":"publish","type":"product","link":"https:\/\/drop-shot.com\/store\/produto\/corda-squash-dunlop-precision-rolo-100m-azul1-18mm\/","title":{"rendered":"Corda Squash Dunlop Precision Rolo 100m (Azul,1.18mm)"},"content":{"rendered":"<p>Um n\u00facleo de elast\u00f4mero multifilamento de poliuretano Premium oferece toque e sensa\u00e7\u00e3o aprimorados envolvidos num monofilamento \u00fanico conduzindo a uma melhor intera\u00e7\u00e3o entre a corda e bola, aumentando assim o controlo.<\/p>\n","protected":false},"excerpt":{"rendered":"<p>Combina\u00e7\u00e3o de toque e sensibilidade.<\/p>\n","protected":false},"featured_media":71294,"template":"","meta":[],"pwb-brand":[103],"product_brand":[],"product_cat":[1366,1363],"product_tag":[],"class_list":{"0":"post-70235","1":"product","2":"type-product","3":"status-publish","4":"has-post-thumbnail","6":"pwb-brand-dunlop","7":"product_cat-cordas-squash-2","8":"product_cat-squash-2","10":"first","11":"instock","12":"taxable","13":"shipping-taxable","14":"purchasable","15":"product-type-simple"},"brands":[{"id":103,"name":"Dunlop","slug":"dunlop"}],"_links":{"self":[{"href":"https:\/\/drop-shot.com\/store\/wp-json\/wp\/v2\/product\/70235","targetHints":{"allow":["GET"]}}],"collection":[{"href":"https:\/\/drop-shot.com\/store\/wp-json\/wp\/v2\/product"}],"about":[{"href":"https:\/\/drop-shot.com\/store\/wp-json\/wp\/v2\/types\/product"}],"version-history":[{"count":5,"href":"https:\/\/drop-shot.com\/store\/wp-json\/wp\/v2\/product\/70235\/revisions"}],"predecessor-version":[{"id":84006,"href":"https:\/\/drop-shot.com\/store\/wp-json\/wp\/v2\/product\/70235\/revisions\/84006"}],"wp:featuredmedia":[{"embeddable":true,"href":"https:\/\/drop-shot.com\/store\/wp-json\/wp\/v2\/media\/71294"}],"wp:attachment":[{"href":"https:\/\/drop-shot.com\/store\/wp-json\/wp\/v2\/media?parent=70235"}],"wp:term":[{"taxonomy":"pwb-brand","embeddable":true,"href":"https:\/\/drop-shot.com\/store\/wp-json\/wp\/v2\/pwb-brand?post=70235"},{"taxonomy":"product_brand","embeddable":true,"href":"https:\/\/drop-shot.com\/store\/wp-json\/wp\/v2\/product_brand?post=70235"},{"taxonomy":"product_cat","embeddable":true,"href":"https:\/\/drop-shot.com\/store\/wp-json\/wp\/v2\/product_cat?post=70235"},{"taxonomy":"product_tag","embeddable":true,"href":"https:\/\/drop-shot.com\/store\/wp-json\/wp\/v2\/product_tag?post=70235"}],"curies":[{"name":"wp","href":"https:\/\/api.w.org\/{rel}","templated":true}]}}