{"id":70200,"date":"2022-12-19T11:10:21","date_gmt":"2022-12-19T11:10:21","guid":{"rendered":"https:\/\/drop-shot.com\/store\/produto\/bola-tenis-dunlop-indoor-esponjosabolsa-12un\/"},"modified":"2026-04-09T09:13:31","modified_gmt":"2026-04-09T09:13:31","slug":"bola-tenis-dunlop-indoor-esponjosabolsa-12un","status":"publish","type":"product","link":"https:\/\/drop-shot.com\/store\/produto\/bola-tenis-dunlop-indoor-esponjosabolsa-12un\/","title":{"rendered":"Bola T\u00e9nis Dunlop Indoor (Esponjosa,Bolsa 12un)"},"content":{"rendered":"<p>As bolas de espuma interior s\u00e3o desenvolvidas e concebidas como uma bola especial para o n\u00edvel de introdu\u00e7\u00e3o.<\/p>\n<p>As crian\u00e7as ir\u00e3o desfrutar das suas primeiras pancadas de T\u00e9nis com esta bola devido \u00e0 velocidade adaptada e ao ressalto.<\/p>\n<p>Bola grande tornando mais f\u00e1cil de bater.<\/p>\n<p>Material de espuma de alta qualidade e densidade dando consist\u00eancia de &#8220;voo&#8221; e ressalto.<\/p>\n<p>Superf\u00edcie resistente.<\/p>\n<p>Para uso interior.<\/p>\n<p>Idade: 3-6 anos.<br \/>\nSaco de 12 bolas<\/p>\n","protected":false},"excerpt":{"rendered":"<p>Uma introdu\u00e7\u00e3o suave ao jogo.<\/p>\n","protected":false},"featured_media":74314,"template":"","meta":[],"pwb-brand":[103],"product_brand":[],"product_cat":[1370,1368],"product_tag":[],"class_list":{"0":"post-70200","1":"product","2":"type-product","3":"status-publish","4":"has-post-thumbnail","6":"pwb-brand-dunlop","7":"product_cat-bolas-tenis","8":"product_cat-tenis","10":"first","11":"instock","12":"taxable","13":"shipping-taxable","14":"purchasable","15":"product-type-simple"},"brands":[{"id":103,"name":"Dunlop","slug":"dunlop"}],"_links":{"self":[{"href":"https:\/\/drop-shot.com\/store\/wp-json\/wp\/v2\/product\/70200","targetHints":{"allow":["GET"]}}],"collection":[{"href":"https:\/\/drop-shot.com\/store\/wp-json\/wp\/v2\/product"}],"about":[{"href":"https:\/\/drop-shot.com\/store\/wp-json\/wp\/v2\/types\/product"}],"version-history":[{"count":6,"href":"https:\/\/drop-shot.com\/store\/wp-json\/wp\/v2\/product\/70200\/revisions"}],"predecessor-version":[{"id":83973,"href":"https:\/\/drop-shot.com\/store\/wp-json\/wp\/v2\/product\/70200\/revisions\/83973"}],"wp:featuredmedia":[{"embeddable":true,"href":"https:\/\/drop-shot.com\/store\/wp-json\/wp\/v2\/media\/74314"}],"wp:attachment":[{"href":"https:\/\/drop-shot.com\/store\/wp-json\/wp\/v2\/media?parent=70200"}],"wp:term":[{"taxonomy":"pwb-brand","embeddable":true,"href":"https:\/\/drop-shot.com\/store\/wp-json\/wp\/v2\/pwb-brand?post=70200"},{"taxonomy":"product_brand","embeddable":true,"href":"https:\/\/drop-shot.com\/store\/wp-json\/wp\/v2\/product_brand?post=70200"},{"taxonomy":"product_cat","embeddable":true,"href":"https:\/\/drop-shot.com\/store\/wp-json\/wp\/v2\/product_cat?post=70200"},{"taxonomy":"product_tag","embeddable":true,"href":"https:\/\/drop-shot.com\/store\/wp-json\/wp\/v2\/product_tag?post=70200"}],"curies":[{"name":"wp","href":"https:\/\/api.w.org\/{rel}","templated":true}]}}