{"id":70184,"date":"2022-12-19T11:08:26","date_gmt":"2022-12-19T11:08:26","guid":{"rendered":"https:\/\/drop-shot.com\/store\/produto\/fita-cabelo-preto-branco\/"},"modified":"2026-05-07T22:00:57","modified_gmt":"2026-05-07T22:00:57","slug":"fita-cabelo-preto-branco","status":"publish","type":"product","link":"https:\/\/drop-shot.com\/store\/produto\/fita-cabelo-preto-branco\/","title":{"rendered":"Fita Cabelo (Preto,Branco)"},"content":{"rendered":"<p>Feita de material macio e confort\u00e1vel garantindo uma excelente seguran\u00e7a e prote\u00e7\u00e3o do seu cabelo.<\/p>\n","protected":false},"excerpt":{"rendered":"<p>Fita de cabelo para permitir concentrar-se no seu jogo.<\/p>\n","protected":false},"featured_media":72858,"template":"","meta":[],"pwb-brand":[103],"product_brand":[],"product_cat":[1380,1377],"product_tag":[],"class_list":{"0":"post-70184","1":"product","2":"type-product","3":"status-publish","4":"has-post-thumbnail","6":"pwb-brand-dunlop","7":"product_cat-essenciais","8":"product_cat-textil","10":"first","11":"instock","12":"sale","13":"taxable","14":"shipping-taxable","15":"purchasable","16":"product-type-simple"},"brands":[{"id":103,"name":"Dunlop","slug":"dunlop"}],"_links":{"self":[{"href":"https:\/\/drop-shot.com\/store\/wp-json\/wp\/v2\/product\/70184","targetHints":{"allow":["GET"]}}],"collection":[{"href":"https:\/\/drop-shot.com\/store\/wp-json\/wp\/v2\/product"}],"about":[{"href":"https:\/\/drop-shot.com\/store\/wp-json\/wp\/v2\/types\/product"}],"version-history":[{"count":7,"href":"https:\/\/drop-shot.com\/store\/wp-json\/wp\/v2\/product\/70184\/revisions"}],"predecessor-version":[{"id":83945,"href":"https:\/\/drop-shot.com\/store\/wp-json\/wp\/v2\/product\/70184\/revisions\/83945"}],"wp:featuredmedia":[{"embeddable":true,"href":"https:\/\/drop-shot.com\/store\/wp-json\/wp\/v2\/media\/72858"}],"wp:attachment":[{"href":"https:\/\/drop-shot.com\/store\/wp-json\/wp\/v2\/media?parent=70184"}],"wp:term":[{"taxonomy":"pwb-brand","embeddable":true,"href":"https:\/\/drop-shot.com\/store\/wp-json\/wp\/v2\/pwb-brand?post=70184"},{"taxonomy":"product_brand","embeddable":true,"href":"https:\/\/drop-shot.com\/store\/wp-json\/wp\/v2\/product_brand?post=70184"},{"taxonomy":"product_cat","embeddable":true,"href":"https:\/\/drop-shot.com\/store\/wp-json\/wp\/v2\/product_cat?post=70184"},{"taxonomy":"product_tag","embeddable":true,"href":"https:\/\/drop-shot.com\/store\/wp-json\/wp\/v2\/product_tag?post=70184"}],"curies":[{"name":"wp","href":"https:\/\/api.w.org\/{rel}","templated":true}]}}