{"id":70181,"date":"2022-12-19T11:08:06","date_gmt":"2022-12-19T11:08:06","guid":{"rendered":"https:\/\/drop-shot.com\/store\/produto\/punho-dunlop-navyblister-2un\/"},"modified":"2026-04-17T13:15:12","modified_gmt":"2026-04-17T13:15:12","slug":"punho-dunlop-navyblister-2un","status":"publish","type":"product","link":"https:\/\/drop-shot.com\/store\/produto\/punho-dunlop-navyblister-2un\/","title":{"rendered":"Punho Dunlop (Navy,Blister 2un)"},"content":{"rendered":"<p>Feito de material expans\u00edvel, macio e confort\u00e1vel garantindo uma excelente absor\u00e7\u00e3o da transpira\u00e7\u00e3o\/humidade.<\/p>\n","protected":false},"excerpt":{"rendered":"<p>Punho com o log\u00f3tipo flying-D costurado.<\/p>\n","protected":false},"featured_media":72867,"template":"","meta":[],"pwb-brand":[103],"product_brand":[],"product_cat":[1380,1377],"product_tag":[],"class_list":{"0":"post-70181","1":"product","2":"type-product","3":"status-publish","4":"has-post-thumbnail","6":"pwb-brand-dunlop","7":"product_cat-essenciais","8":"product_cat-textil","10":"first","11":"outofstock","12":"taxable","13":"shipping-taxable","14":"purchasable","15":"product-type-simple"},"brands":[{"id":103,"name":"Dunlop","slug":"dunlop"}],"_links":{"self":[{"href":"https:\/\/drop-shot.com\/store\/wp-json\/wp\/v2\/product\/70181","targetHints":{"allow":["GET"]}}],"collection":[{"href":"https:\/\/drop-shot.com\/store\/wp-json\/wp\/v2\/product"}],"about":[{"href":"https:\/\/drop-shot.com\/store\/wp-json\/wp\/v2\/types\/product"}],"version-history":[{"count":5,"href":"https:\/\/drop-shot.com\/store\/wp-json\/wp\/v2\/product\/70181\/revisions"}],"predecessor-version":[{"id":83942,"href":"https:\/\/drop-shot.com\/store\/wp-json\/wp\/v2\/product\/70181\/revisions\/83942"}],"wp:featuredmedia":[{"embeddable":true,"href":"https:\/\/drop-shot.com\/store\/wp-json\/wp\/v2\/media\/72867"}],"wp:attachment":[{"href":"https:\/\/drop-shot.com\/store\/wp-json\/wp\/v2\/media?parent=70181"}],"wp:term":[{"taxonomy":"pwb-brand","embeddable":true,"href":"https:\/\/drop-shot.com\/store\/wp-json\/wp\/v2\/pwb-brand?post=70181"},{"taxonomy":"product_brand","embeddable":true,"href":"https:\/\/drop-shot.com\/store\/wp-json\/wp\/v2\/product_brand?post=70181"},{"taxonomy":"product_cat","embeddable":true,"href":"https:\/\/drop-shot.com\/store\/wp-json\/wp\/v2\/product_cat?post=70181"},{"taxonomy":"product_tag","embeddable":true,"href":"https:\/\/drop-shot.com\/store\/wp-json\/wp\/v2\/product_tag?post=70181"}],"curies":[{"name":"wp","href":"https:\/\/api.w.org\/{rel}","templated":true}]}}