{"id":70173,"date":"2022-12-19T11:07:15","date_gmt":"2022-12-19T11:07:15","guid":{"rendered":"https:\/\/drop-shot.com\/store\/produto\/chapeu-dunlop-promo-navy\/"},"modified":"2026-05-07T22:00:49","modified_gmt":"2026-05-07T22:00:49","slug":"chapeu-dunlop-promo-navy","status":"publish","type":"product","link":"https:\/\/drop-shot.com\/store\/produto\/chapeu-dunlop-promo-navy\/","title":{"rendered":"Chap\u00e9u Dunlop Promo (Navy)"},"content":{"rendered":"<p>Desenvolvido para desporto, este chap\u00e9u protege-o do sol e mant\u00e9m-no mais fresco no campo.<\/p>\n<p>Sarja 100% algod\u00e3o.<br \/>\nTamanho \u00fanico.<\/p>\n","protected":false},"excerpt":{"rendered":"<p>Chap\u00e9u especial para o proteger do sol.<\/p>\n","protected":false},"featured_media":72854,"template":"","meta":[],"pwb-brand":[103],"product_brand":[],"product_cat":[1380,1377],"product_tag":[],"class_list":{"0":"post-70173","1":"product","2":"type-product","3":"status-publish","4":"has-post-thumbnail","6":"pwb-brand-dunlop","7":"product_cat-essenciais","8":"product_cat-textil","10":"first","11":"outofstock","12":"sale","13":"taxable","14":"shipping-taxable","15":"purchasable","16":"product-type-simple"},"brands":[{"id":103,"name":"Dunlop","slug":"dunlop"}],"_links":{"self":[{"href":"https:\/\/drop-shot.com\/store\/wp-json\/wp\/v2\/product\/70173","targetHints":{"allow":["GET"]}}],"collection":[{"href":"https:\/\/drop-shot.com\/store\/wp-json\/wp\/v2\/product"}],"about":[{"href":"https:\/\/drop-shot.com\/store\/wp-json\/wp\/v2\/types\/product"}],"version-history":[{"count":7,"href":"https:\/\/drop-shot.com\/store\/wp-json\/wp\/v2\/product\/70173\/revisions"}],"predecessor-version":[{"id":83936,"href":"https:\/\/drop-shot.com\/store\/wp-json\/wp\/v2\/product\/70173\/revisions\/83936"}],"wp:featuredmedia":[{"embeddable":true,"href":"https:\/\/drop-shot.com\/store\/wp-json\/wp\/v2\/media\/72854"}],"wp:attachment":[{"href":"https:\/\/drop-shot.com\/store\/wp-json\/wp\/v2\/media?parent=70173"}],"wp:term":[{"taxonomy":"pwb-brand","embeddable":true,"href":"https:\/\/drop-shot.com\/store\/wp-json\/wp\/v2\/pwb-brand?post=70173"},{"taxonomy":"product_brand","embeddable":true,"href":"https:\/\/drop-shot.com\/store\/wp-json\/wp\/v2\/product_brand?post=70173"},{"taxonomy":"product_cat","embeddable":true,"href":"https:\/\/drop-shot.com\/store\/wp-json\/wp\/v2\/product_cat?post=70173"},{"taxonomy":"product_tag","embeddable":true,"href":"https:\/\/drop-shot.com\/store\/wp-json\/wp\/v2\/product_tag?post=70173"}],"curies":[{"name":"wp","href":"https:\/\/api.w.org\/{rel}","templated":true}]}}