{"id":70161,"date":"2022-12-19T11:05:56","date_gmt":"2022-12-19T11:05:56","guid":{"rendered":"https:\/\/drop-shot.com\/store\/produto\/cesto-metalico-para-bolas-dunlop-72-bolas\/"},"modified":"2026-04-29T15:11:38","modified_gmt":"2026-04-29T15:11:38","slug":"cesto-metalico-para-bolas-dunlop-72-bolas","status":"publish","type":"product","link":"https:\/\/drop-shot.com\/store\/produto\/cesto-metalico-para-bolas-dunlop-72-bolas\/","title":{"rendered":"Cesto met\u00e1lico para bolas Dunlop (capacidade 72 bolas)"},"content":{"rendered":"<p>Carregue todas as bolas que voc\u00ea precisa at\u00e9 mesmo para a sess\u00e3o de treino mais longa.<\/p>\n<p>Este cesto de treino dur\u00e1vel suporta at\u00e9 72 bolas de T\u00e9nis e \u00e9 dobr\u00e1vel para facilitar o transporte ao redor do campo para que voc\u00ea possa passar mais tempo ensinando ou jogando.<\/p>\n<p>BOLAS N\u00c3O INCLU\u00cdDAS.<\/p>\n","protected":false},"excerpt":{"rendered":"<p>Prepare-se para cada sess\u00e3o de treino.<\/p>\n","protected":false},"featured_media":70948,"template":"","meta":[],"pwb-brand":[103],"product_brand":[],"product_cat":[1330,1336],"product_tag":[],"class_list":{"0":"post-70161","1":"product","2":"type-product","3":"status-publish","4":"has-post-thumbnail","6":"pwb-brand-dunlop","7":"product_cat-acessorios","8":"product_cat-sacos-cestos-e-carros-para-bolas","10":"first","11":"outofstock","12":"sale","13":"taxable","14":"shipping-taxable","15":"purchasable","16":"product-type-simple"},"brands":[{"id":103,"name":"Dunlop","slug":"dunlop"}],"_links":{"self":[{"href":"https:\/\/drop-shot.com\/store\/wp-json\/wp\/v2\/product\/70161","targetHints":{"allow":["GET"]}}],"collection":[{"href":"https:\/\/drop-shot.com\/store\/wp-json\/wp\/v2\/product"}],"about":[{"href":"https:\/\/drop-shot.com\/store\/wp-json\/wp\/v2\/types\/product"}],"version-history":[{"count":13,"href":"https:\/\/drop-shot.com\/store\/wp-json\/wp\/v2\/product\/70161\/revisions"}],"predecessor-version":[{"id":83926,"href":"https:\/\/drop-shot.com\/store\/wp-json\/wp\/v2\/product\/70161\/revisions\/83926"}],"wp:featuredmedia":[{"embeddable":true,"href":"https:\/\/drop-shot.com\/store\/wp-json\/wp\/v2\/media\/70948"}],"wp:attachment":[{"href":"https:\/\/drop-shot.com\/store\/wp-json\/wp\/v2\/media?parent=70161"}],"wp:term":[{"taxonomy":"pwb-brand","embeddable":true,"href":"https:\/\/drop-shot.com\/store\/wp-json\/wp\/v2\/pwb-brand?post=70161"},{"taxonomy":"product_brand","embeddable":true,"href":"https:\/\/drop-shot.com\/store\/wp-json\/wp\/v2\/product_brand?post=70161"},{"taxonomy":"product_cat","embeddable":true,"href":"https:\/\/drop-shot.com\/store\/wp-json\/wp\/v2\/product_cat?post=70161"},{"taxonomy":"product_tag","embeddable":true,"href":"https:\/\/drop-shot.com\/store\/wp-json\/wp\/v2\/product_tag?post=70161"}],"curies":[{"name":"wp","href":"https:\/\/api.w.org\/{rel}","templated":true}]}}