{"id":70112,"date":"2022-12-19T11:00:26","date_gmt":"2022-12-19T11:00:26","guid":{"rendered":"https:\/\/drop-shot.com\/store\/produto\/raquete-padel-dunlop-galactica-pro-juani-mieres\/"},"modified":"2026-04-17T13:11:32","modified_gmt":"2026-04-17T13:11:32","slug":"raquete-padel-dunlop-galactica-pro-juani-mieres","status":"publish","type":"product","link":"https:\/\/drop-shot.com\/store\/produto\/raquete-padel-dunlop-galactica-pro-juani-mieres\/","title":{"rendered":"Raquete Padel Dunlop Galactica Pro (Juani Mieres)"},"content":{"rendered":"<p>Constru\u00e7\u00e3o em carbono 12K super Premium para m\u00e1xima consist\u00eancia e desempenho em todas as pancadas.<\/p>\n<p>O refor\u00e7o Tri-Max proporciona estabilidade para um maior controlo e o \u201cFace lay-up\u201d de 45\u00ba proporciona um desempenho excepcional para os jogadores mais avan\u00e7ados.<\/p>\n<p>Novo \u201cbumper\u201d de inje\u00e7\u00e3o ao longo do aro para uma maior durabilidade.<\/p>\n","protected":false},"excerpt":{"rendered":"<p>M\u00e1ximo desempenho.<\/p>\n<p>Desempenho e estilo complectos.<\/p>\n","protected":false},"featured_media":71270,"template":"","meta":[],"pwb-brand":[],"product_brand":[],"product_cat":[1819,1814],"product_tag":[1515,1512,1517,1513,1511],"class_list":{"0":"post-70112","1":"product","2":"type-product","3":"status-publish","4":"has-post-thumbnail","6":"product_cat-padel-promocoes","7":"product_cat-promocoes","8":"product_tag-drop-shot","9":"product_tag-dunlop","10":"product_tag-galactica","11":"product_tag-padel","12":"product_tag-raquete","14":"first","15":"instock","16":"sale","17":"taxable","18":"shipping-taxable","19":"purchasable","20":"product-type-simple"},"brands":[],"_links":{"self":[{"href":"https:\/\/drop-shot.com\/store\/wp-json\/wp\/v2\/product\/70112","targetHints":{"allow":["GET"]}}],"collection":[{"href":"https:\/\/drop-shot.com\/store\/wp-json\/wp\/v2\/product"}],"about":[{"href":"https:\/\/drop-shot.com\/store\/wp-json\/wp\/v2\/types\/product"}],"version-history":[{"count":13,"href":"https:\/\/drop-shot.com\/store\/wp-json\/wp\/v2\/product\/70112\/revisions"}],"predecessor-version":[{"id":84534,"href":"https:\/\/drop-shot.com\/store\/wp-json\/wp\/v2\/product\/70112\/revisions\/84534"}],"wp:featuredmedia":[{"embeddable":true,"href":"https:\/\/drop-shot.com\/store\/wp-json\/wp\/v2\/media\/71270"}],"wp:attachment":[{"href":"https:\/\/drop-shot.com\/store\/wp-json\/wp\/v2\/media?parent=70112"}],"wp:term":[{"taxonomy":"pwb-brand","embeddable":true,"href":"https:\/\/drop-shot.com\/store\/wp-json\/wp\/v2\/pwb-brand?post=70112"},{"taxonomy":"product_brand","embeddable":true,"href":"https:\/\/drop-shot.com\/store\/wp-json\/wp\/v2\/product_brand?post=70112"},{"taxonomy":"product_cat","embeddable":true,"href":"https:\/\/drop-shot.com\/store\/wp-json\/wp\/v2\/product_cat?post=70112"},{"taxonomy":"product_tag","embeddable":true,"href":"https:\/\/drop-shot.com\/store\/wp-json\/wp\/v2\/product_tag?post=70112"}],"curies":[{"name":"wp","href":"https:\/\/api.w.org\/{rel}","templated":true}]}}