{"id":70079,"date":"2022-12-19T10:56:43","date_gmt":"2022-12-19T10:56:43","guid":{"rendered":"https:\/\/drop-shot.com\/store\/produto\/saco-dunlop-cx-performance-holdall-pretopreto\/"},"modified":"2026-04-17T13:11:09","modified_gmt":"2026-04-17T13:11:09","slug":"saco-dunlop-pro-holdall-pretopreto","status":"publish","type":"product","link":"https:\/\/drop-shot.com\/store\/produto\/saco-dunlop-pro-holdall-pretopreto\/","title":{"rendered":"Saco Dunlop Pro Holdall (Preto,Preto)"},"content":{"rendered":"<p>Compartimento principal que pode ser dividido em 5 bolsos principais entre os quais 1 bolso exterior para cal\u00e7ado e 3 bolsos interiores adicionais com fecho de correr.<\/p>\n<p>Cintos de ombro muito confort\u00e1veis e ergon\u00f3micos para um melhor conforto e f\u00e1cil manuseamento\/transporte da mala.<\/p>\n<p>O material TPU proporciona uma constru\u00e7\u00e3o resistente e moderna.<\/p>\n<p>Pode ser perfeitamente combinado com todas as nossas gamas de sacos.<\/p>\n<p>Tamanho (cm): L:69 x C:35 x A:33<br \/>\nVolume (l): 80<\/p>\n","protected":false},"excerpt":{"rendered":"<p>Carregue todo o seu equipamento em um s\u00f3 lugar como um profissional.<\/p>\n","protected":false},"featured_media":71057,"template":"","meta":[],"pwb-brand":[103],"product_brand":[],"product_cat":[1344,1346],"product_tag":[],"class_list":{"0":"post-70079","1":"product","2":"type-product","3":"status-publish","4":"has-post-thumbnail","6":"pwb-brand-dunlop","7":"product_cat-bagagem","8":"product_cat-medios","10":"first","11":"outofstock","12":"taxable","13":"shipping-taxable","14":"purchasable","15":"product-type-simple"},"brands":[{"id":103,"name":"Dunlop","slug":"dunlop"}],"_links":{"self":[{"href":"https:\/\/drop-shot.com\/store\/wp-json\/wp\/v2\/product\/70079","targetHints":{"allow":["GET"]}}],"collection":[{"href":"https:\/\/drop-shot.com\/store\/wp-json\/wp\/v2\/product"}],"about":[{"href":"https:\/\/drop-shot.com\/store\/wp-json\/wp\/v2\/types\/product"}],"version-history":[{"count":12,"href":"https:\/\/drop-shot.com\/store\/wp-json\/wp\/v2\/product\/70079\/revisions"}],"predecessor-version":[{"id":83795,"href":"https:\/\/drop-shot.com\/store\/wp-json\/wp\/v2\/product\/70079\/revisions\/83795"}],"wp:featuredmedia":[{"embeddable":true,"href":"https:\/\/drop-shot.com\/store\/wp-json\/wp\/v2\/media\/71057"}],"wp:attachment":[{"href":"https:\/\/drop-shot.com\/store\/wp-json\/wp\/v2\/media?parent=70079"}],"wp:term":[{"taxonomy":"pwb-brand","embeddable":true,"href":"https:\/\/drop-shot.com\/store\/wp-json\/wp\/v2\/pwb-brand?post=70079"},{"taxonomy":"product_brand","embeddable":true,"href":"https:\/\/drop-shot.com\/store\/wp-json\/wp\/v2\/product_brand?post=70079"},{"taxonomy":"product_cat","embeddable":true,"href":"https:\/\/drop-shot.com\/store\/wp-json\/wp\/v2\/product_cat?post=70079"},{"taxonomy":"product_tag","embeddable":true,"href":"https:\/\/drop-shot.com\/store\/wp-json\/wp\/v2\/product_tag?post=70079"}],"curies":[{"name":"wp","href":"https:\/\/api.w.org\/{rel}","templated":true}]}}