{"id":70058,"date":"2022-12-19T10:54:19","date_gmt":"2022-12-19T10:54:19","guid":{"rendered":"https:\/\/drop-shot.com\/store\/produto\/corda-tenis-dunlop-explosive-tour-16g-rolo-200m-cinzento1-30mm\/"},"modified":"2026-05-07T21:57:25","modified_gmt":"2026-05-07T21:57:25","slug":"corda-tenis-dunlop-explosive-tour-16g-rolo-200m-cinzento1-30mm","status":"publish","type":"product","link":"https:\/\/drop-shot.com\/store\/produto\/corda-tenis-dunlop-explosive-tour-16g-rolo-200m-cinzento1-30mm\/","title":{"rendered":"Corda T\u00e9nis Dunlop Explosive Tour 16G Rolo 200m (Cinzento,1.30mm)"},"content":{"rendered":"<p>Corda de poli\u00e9ster super Premium para rota\u00e7\u00e3o e controlo em um alto n\u00edvel de desempenho.<\/p>\n<p>Monofilamento super Premium de poli\u00e9ster que oferece pot\u00eancia e boa durabilidade.<\/p>\n<p>O perfil externo hexagonal aumenta o atrito e a rota\u00e7\u00e3o.<\/p>\n","protected":false},"excerpt":{"rendered":"<p>Consiga um jogo mais suave.<\/p>\n<p>Pancadas com rota\u00e7\u00e3o e controlo.<\/p>\n","protected":false},"featured_media":71408,"template":"","meta":[],"pwb-brand":[103],"product_brand":[],"product_cat":[1371,1368],"product_tag":[],"class_list":{"0":"post-70058","1":"product","2":"type-product","3":"status-publish","4":"has-post-thumbnail","6":"pwb-brand-dunlop","7":"product_cat-cordas-tenis","8":"product_cat-tenis","10":"first","11":"outofstock","12":"taxable","13":"shipping-taxable","14":"purchasable","15":"product-type-simple"},"brands":[{"id":103,"name":"Dunlop","slug":"dunlop"}],"_links":{"self":[{"href":"https:\/\/drop-shot.com\/store\/wp-json\/wp\/v2\/product\/70058","targetHints":{"allow":["GET"]}}],"collection":[{"href":"https:\/\/drop-shot.com\/store\/wp-json\/wp\/v2\/product"}],"about":[{"href":"https:\/\/drop-shot.com\/store\/wp-json\/wp\/v2\/types\/product"}],"version-history":[{"count":9,"href":"https:\/\/drop-shot.com\/store\/wp-json\/wp\/v2\/product\/70058\/revisions"}],"predecessor-version":[{"id":83791,"href":"https:\/\/drop-shot.com\/store\/wp-json\/wp\/v2\/product\/70058\/revisions\/83791"}],"wp:featuredmedia":[{"embeddable":true,"href":"https:\/\/drop-shot.com\/store\/wp-json\/wp\/v2\/media\/71408"}],"wp:attachment":[{"href":"https:\/\/drop-shot.com\/store\/wp-json\/wp\/v2\/media?parent=70058"}],"wp:term":[{"taxonomy":"pwb-brand","embeddable":true,"href":"https:\/\/drop-shot.com\/store\/wp-json\/wp\/v2\/pwb-brand?post=70058"},{"taxonomy":"product_brand","embeddable":true,"href":"https:\/\/drop-shot.com\/store\/wp-json\/wp\/v2\/product_brand?post=70058"},{"taxonomy":"product_cat","embeddable":true,"href":"https:\/\/drop-shot.com\/store\/wp-json\/wp\/v2\/product_cat?post=70058"},{"taxonomy":"product_tag","embeddable":true,"href":"https:\/\/drop-shot.com\/store\/wp-json\/wp\/v2\/product_tag?post=70058"}],"curies":[{"name":"wp","href":"https:\/\/api.w.org\/{rel}","templated":true}]}}