{"id":70055,"date":"2022-12-19T10:54:00","date_gmt":"2022-12-19T10:54:00","guid":{"rendered":"https:\/\/drop-shot.com\/store\/produto\/raquete-squash-57-dunlop-hyperfibre-ultimate\/"},"modified":"2026-04-17T13:11:04","modified_gmt":"2026-04-17T13:11:04","slug":"raquete-squash-57-dunlop-hyperfibre-ultimate","status":"publish","type":"product","link":"https:\/\/drop-shot.com\/store\/produto\/raquete-squash-57-dunlop-hyperfibre-ultimate\/","title":{"rendered":"Raquete Squash 57 Dunlop Hyperfibre Ultimate"},"content":{"rendered":"<p>Acerte pancadas com impacto real.<\/p>\n<p>O tamanho da cabe\u00e7a de 108,5 polegadas e o balan\u00e7o pesado da cabe\u00e7a oferecem pot\u00eancia, precis\u00e3o e controlo m\u00e1ximos.<\/p>\n","protected":false},"excerpt":{"rendered":"<p>Comande a quadra de Squash.<\/p>\n","protected":false},"featured_media":71348,"template":"","meta":[],"pwb-brand":[],"product_brand":[],"product_cat":[1384,1382],"product_tag":[],"class_list":{"0":"post-70055","1":"product","2":"type-product","3":"status-publish","4":"has-post-thumbnail","6":"product_cat-raquetes-squash-57","7":"product_cat-squash-57","9":"first","10":"instock","11":"sale","12":"taxable","13":"shipping-taxable","14":"purchasable","15":"product-type-simple"},"brands":[],"_links":{"self":[{"href":"https:\/\/drop-shot.com\/store\/wp-json\/wp\/v2\/product\/70055","targetHints":{"allow":["GET"]}}],"collection":[{"href":"https:\/\/drop-shot.com\/store\/wp-json\/wp\/v2\/product"}],"about":[{"href":"https:\/\/drop-shot.com\/store\/wp-json\/wp\/v2\/types\/product"}],"version-history":[{"count":9,"href":"https:\/\/drop-shot.com\/store\/wp-json\/wp\/v2\/product\/70055\/revisions"}],"predecessor-version":[{"id":83790,"href":"https:\/\/drop-shot.com\/store\/wp-json\/wp\/v2\/product\/70055\/revisions\/83790"}],"wp:featuredmedia":[{"embeddable":true,"href":"https:\/\/drop-shot.com\/store\/wp-json\/wp\/v2\/media\/71348"}],"wp:attachment":[{"href":"https:\/\/drop-shot.com\/store\/wp-json\/wp\/v2\/media?parent=70055"}],"wp:term":[{"taxonomy":"pwb-brand","embeddable":true,"href":"https:\/\/drop-shot.com\/store\/wp-json\/wp\/v2\/pwb-brand?post=70055"},{"taxonomy":"product_brand","embeddable":true,"href":"https:\/\/drop-shot.com\/store\/wp-json\/wp\/v2\/product_brand?post=70055"},{"taxonomy":"product_cat","embeddable":true,"href":"https:\/\/drop-shot.com\/store\/wp-json\/wp\/v2\/product_cat?post=70055"},{"taxonomy":"product_tag","embeddable":true,"href":"https:\/\/drop-shot.com\/store\/wp-json\/wp\/v2\/product_tag?post=70055"}],"curies":[{"name":"wp","href":"https:\/\/api.w.org\/{rel}","templated":true}]}}