{"id":70054,"date":"2022-12-19T10:53:52","date_gmt":"2022-12-19T10:53:52","guid":{"rendered":"https:\/\/drop-shot.com\/store\/produto\/raquete-squash-57-dunlop-hyperfibre-evolution\/"},"modified":"2026-04-17T13:11:04","modified_gmt":"2026-04-17T13:11:04","slug":"raquete-squash-57-dunlop-hyperfibre-evolution","status":"publish","type":"product","link":"https:\/\/drop-shot.com\/store\/produto\/raquete-squash-57-dunlop-hyperfibre-evolution\/","title":{"rendered":"Raquete Squash 57 Dunlop Hyperfibre Evolution"},"content":{"rendered":"<p>Sinta o poder bruto.<\/p>\n<p>O tamanho da cabe\u00e7a de 106 polegadas e o equil\u00edbrio pesado da cabe\u00e7a d\u00e3o mais for\u00e7a e pot\u00eancia \u00e0s suas pancadas.<\/p>\n","protected":false},"excerpt":{"rendered":"<p>Comande a quadra de Squash.<\/p>\n","protected":false},"featured_media":71346,"template":"","meta":[],"pwb-brand":[],"product_brand":[],"product_cat":[1384,1382],"product_tag":[],"class_list":{"0":"post-70054","1":"product","2":"type-product","3":"status-publish","4":"has-post-thumbnail","6":"product_cat-raquetes-squash-57","7":"product_cat-squash-57","9":"first","10":"instock","11":"sale","12":"taxable","13":"shipping-taxable","14":"purchasable","15":"product-type-simple"},"brands":[],"_links":{"self":[{"href":"https:\/\/drop-shot.com\/store\/wp-json\/wp\/v2\/product\/70054","targetHints":{"allow":["GET"]}}],"collection":[{"href":"https:\/\/drop-shot.com\/store\/wp-json\/wp\/v2\/product"}],"about":[{"href":"https:\/\/drop-shot.com\/store\/wp-json\/wp\/v2\/types\/product"}],"version-history":[{"count":9,"href":"https:\/\/drop-shot.com\/store\/wp-json\/wp\/v2\/product\/70054\/revisions"}],"predecessor-version":[{"id":83789,"href":"https:\/\/drop-shot.com\/store\/wp-json\/wp\/v2\/product\/70054\/revisions\/83789"}],"wp:featuredmedia":[{"embeddable":true,"href":"https:\/\/drop-shot.com\/store\/wp-json\/wp\/v2\/media\/71346"}],"wp:attachment":[{"href":"https:\/\/drop-shot.com\/store\/wp-json\/wp\/v2\/media?parent=70054"}],"wp:term":[{"taxonomy":"pwb-brand","embeddable":true,"href":"https:\/\/drop-shot.com\/store\/wp-json\/wp\/v2\/pwb-brand?post=70054"},{"taxonomy":"product_brand","embeddable":true,"href":"https:\/\/drop-shot.com\/store\/wp-json\/wp\/v2\/product_brand?post=70054"},{"taxonomy":"product_cat","embeddable":true,"href":"https:\/\/drop-shot.com\/store\/wp-json\/wp\/v2\/product_cat?post=70054"},{"taxonomy":"product_tag","embeddable":true,"href":"https:\/\/drop-shot.com\/store\/wp-json\/wp\/v2\/product_tag?post=70054"}],"curies":[{"name":"wp","href":"https:\/\/api.w.org\/{rel}","templated":true}]}}