{"id":70028,"date":"2022-12-19T10:50:58","date_gmt":"2022-12-19T10:50:58","guid":{"rendered":"https:\/\/drop-shot.com\/store\/produto\/bola-tenis-media-dunlop-atp-5-azul\/"},"modified":"2026-04-17T13:10:27","modified_gmt":"2026-04-17T13:10:27","slug":"bola-tenis-media-dunlop-atp-5-azul","status":"publish","type":"product","link":"https:\/\/drop-shot.com\/store\/produto\/bola-tenis-media-dunlop-atp-5-azul\/","title":{"rendered":"Bola T\u00e9nis M\u00e9dia Dunlop ATP 5&#8221; (Azul)"},"content":{"rendered":"<p>Esta vers\u00e3o grande de 5 polegadas da bola de T\u00e9nis Dunlop Fort \u00e9 um artigo divertido &#8211; excelente para crian\u00e7as e ideal para uso promocional.<\/p>\n","protected":false},"excerpt":{"rendered":"<p>Vers\u00e3o grande da bola de T\u00e9nis Dunlop Fort.<\/p>\n","protected":false},"featured_media":71114,"template":"","meta":[],"pwb-brand":[103],"product_brand":[],"product_cat":[1354,1353],"product_tag":[],"class_list":{"0":"post-70028","1":"product","2":"type-product","3":"status-publish","4":"has-post-thumbnail","6":"pwb-brand-dunlop","7":"product_cat-bolas","8":"product_cat-marketing","10":"first","11":"outofstock","12":"taxable","13":"shipping-taxable","14":"purchasable","15":"product-type-simple"},"brands":[{"id":103,"name":"Dunlop","slug":"dunlop"}],"_links":{"self":[{"href":"https:\/\/drop-shot.com\/store\/wp-json\/wp\/v2\/product\/70028","targetHints":{"allow":["GET"]}}],"collection":[{"href":"https:\/\/drop-shot.com\/store\/wp-json\/wp\/v2\/product"}],"about":[{"href":"https:\/\/drop-shot.com\/store\/wp-json\/wp\/v2\/types\/product"}],"version-history":[{"count":5,"href":"https:\/\/drop-shot.com\/store\/wp-json\/wp\/v2\/product\/70028\/revisions"}],"predecessor-version":[{"id":83769,"href":"https:\/\/drop-shot.com\/store\/wp-json\/wp\/v2\/product\/70028\/revisions\/83769"}],"wp:featuredmedia":[{"embeddable":true,"href":"https:\/\/drop-shot.com\/store\/wp-json\/wp\/v2\/media\/71114"}],"wp:attachment":[{"href":"https:\/\/drop-shot.com\/store\/wp-json\/wp\/v2\/media?parent=70028"}],"wp:term":[{"taxonomy":"pwb-brand","embeddable":true,"href":"https:\/\/drop-shot.com\/store\/wp-json\/wp\/v2\/pwb-brand?post=70028"},{"taxonomy":"product_brand","embeddable":true,"href":"https:\/\/drop-shot.com\/store\/wp-json\/wp\/v2\/product_brand?post=70028"},{"taxonomy":"product_cat","embeddable":true,"href":"https:\/\/drop-shot.com\/store\/wp-json\/wp\/v2\/product_cat?post=70028"},{"taxonomy":"product_tag","embeddable":true,"href":"https:\/\/drop-shot.com\/store\/wp-json\/wp\/v2\/product_tag?post=70028"}],"curies":[{"name":"wp","href":"https:\/\/api.w.org\/{rel}","templated":true}]}}