{"id":70010,"date":"2022-12-19T10:48:58","date_gmt":"2022-12-19T10:48:58","guid":{"rendered":"https:\/\/drop-shot.com\/store\/produto\/volante-badminton-carlton-f1-ti-branco-rapido-vermelhotubo-6un\/"},"modified":"2026-04-29T15:07:35","modified_gmt":"2026-04-29T15:07:35","slug":"volante-badminton-carlton-f1-ti-branco-rapido-vermelhotubo-6un","status":"publish","type":"product","link":"https:\/\/drop-shot.com\/store\/produto\/volante-badminton-carlton-f1-ti-branco-rapido-vermelhotubo-6un\/","title":{"rendered":"Volante Badminton Carlton F1-Ti Branco (R\u00e1pido,Vermelho,Tubo 6un)"},"content":{"rendered":"<p>Procura os volantes perfeitos para os seus jogos de Badminton? N\u00e3o procure mais do que os volantes para Badminton Carlton F1 Ti.<\/p>\n<p>Feitos com uma liga de tit\u00e2nio dur\u00e1vel e leve, estes volantes est\u00e3o projetados para oferecer um desempenho de \u201cvoo\u201d excepcional, garantindo sempre um jogo divertido e desafiador.<\/p>\n<p>Com um formato exclusivo que minimiza a resist\u00eancia aerodin\u00e2mica e melhora a estabilidade do volante, ir\u00e1 desfrutar de horas de jogo ininterruptas.<\/p>\n<p>Por isso, quer seja um principiante ou um profissional experiente, estes volantes Carlton F1 Ti ir\u00e3o certamente satisfazer as suas necessidades e levar o seu jogo a novos patamares.<\/p>\n<p>Al\u00e9m disso, com o seu elegante acabamento, eles t\u00eam uma visibilidade fant\u00e1stica em campo.<\/p>\n","protected":false},"excerpt":{"rendered":"<p>Concebido para proporcionar um desempenho de &#8220;voo&#8221; excepcional na velocidade r\u00e1pida.<\/p>\n","protected":false},"featured_media":71022,"template":"","meta":[],"pwb-brand":[104],"product_brand":[],"product_cat":[1339,1343],"product_tag":[],"class_list":{"0":"post-70010","1":"product","2":"type-product","3":"status-publish","4":"has-post-thumbnail","6":"pwb-brand-carlton","7":"product_cat-badminton","8":"product_cat-volantes","10":"first","11":"outofstock","12":"sale","13":"taxable","14":"shipping-taxable","15":"purchasable","16":"product-type-simple"},"brands":[{"id":104,"name":"Carlton","slug":"carlton"}],"_links":{"self":[{"href":"https:\/\/drop-shot.com\/store\/wp-json\/wp\/v2\/product\/70010","targetHints":{"allow":["GET"]}}],"collection":[{"href":"https:\/\/drop-shot.com\/store\/wp-json\/wp\/v2\/product"}],"about":[{"href":"https:\/\/drop-shot.com\/store\/wp-json\/wp\/v2\/types\/product"}],"version-history":[{"count":9,"href":"https:\/\/drop-shot.com\/store\/wp-json\/wp\/v2\/product\/70010\/revisions"}],"predecessor-version":[{"id":83750,"href":"https:\/\/drop-shot.com\/store\/wp-json\/wp\/v2\/product\/70010\/revisions\/83750"}],"wp:featuredmedia":[{"embeddable":true,"href":"https:\/\/drop-shot.com\/store\/wp-json\/wp\/v2\/media\/71022"}],"wp:attachment":[{"href":"https:\/\/drop-shot.com\/store\/wp-json\/wp\/v2\/media?parent=70010"}],"wp:term":[{"taxonomy":"pwb-brand","embeddable":true,"href":"https:\/\/drop-shot.com\/store\/wp-json\/wp\/v2\/pwb-brand?post=70010"},{"taxonomy":"product_brand","embeddable":true,"href":"https:\/\/drop-shot.com\/store\/wp-json\/wp\/v2\/product_brand?post=70010"},{"taxonomy":"product_cat","embeddable":true,"href":"https:\/\/drop-shot.com\/store\/wp-json\/wp\/v2\/product_cat?post=70010"},{"taxonomy":"product_tag","embeddable":true,"href":"https:\/\/drop-shot.com\/store\/wp-json\/wp\/v2\/product_tag?post=70010"}],"curies":[{"name":"wp","href":"https:\/\/api.w.org\/{rel}","templated":true}]}}